{"id":52573,"date":"2025-03-07T13:47:36","date_gmt":"2025-03-07T12:47:36","guid":{"rendered":"https:\/\/www.ak-online.de\/?page_id=52573"},"modified":"2025-03-07T13:50:41","modified_gmt":"2025-03-07T12:50:41","slug":"danke","status":"publish","type":"page","link":"https:\/\/www.ak-online.de\/de\/danke\/","title":{"rendered":"Danke"},"content":{"rendered":"\t\t<div data-elementor-type=\"wp-page\" data-elementor-id=\"52573\" class=\"elementor elementor-52573\" data-elementor-post-type=\"page\">\n\t\t\t\t<div class=\"elementor-element elementor-element-3743c33 e-flex e-con-boxed e-con e-parent\" data-id=\"3743c33\" data-element_type=\"container\" data-e-type=\"container\">\n\t\t\t\t\t<div class=\"e-con-inner\">\n\t\t\t\t<div class=\"elementor-element elementor-element-c243c54 elementor-widget elementor-widget-html\" data-id=\"c243c54\" data-element_type=\"widget\" data-e-type=\"widget\" data-widget_type=\"html.default\">\n\t\t\t\t\t <script>\n     jQuery(document).ready(function () {\n            \/\/ Countdown f\u00fcr 10 Sekunden\n            let countdown = 10;\n            const interval = setInterval(function () {\n                jQuery(\"#timer\").text(countdown);\n                countdown--;\n\n                if (countdown < 0) {\n                    clearInterval(interval);\n                    \/\/ Weiterleitung zur Startseite\n                    window.location.href = \"\/\"; \/\/ Ersetze \"index.html\" mit der URL deiner Startseite\n                }\n            }, 1000);\n        });\n    <\/script>\t\t\t\t<\/div>\n\t\t\t\t\t<\/div>\n\t\t\t\t<\/div>\n\t\t<div class=\"elementor-element elementor-element-608a241 e-flex e-con-boxed e-con e-parent\" data-id=\"608a241\" data-element_type=\"container\" data-e-type=\"container\">\n\t\t\t\t\t<div class=\"e-con-inner\">\n\t\t\t\t<div class=\"elementor-element elementor-element-6adedcf elementor-widget elementor-widget-heading\" data-id=\"6adedcf\" data-element_type=\"widget\" data-e-type=\"widget\" data-widget_type=\"heading.default\">\n\t\t\t\t\t<h2 class=\"elementor-heading-title elementor-size-default\">Vielen Dank!<\/h2>\t\t\t\t<\/div>\n\t\t\t\t<div class=\"elementor-element elementor-element-52beba5 elementor-widget elementor-widget-text-editor\" data-id=\"52beba5\" data-element_type=\"widget\" data-e-type=\"widget\" data-widget_type=\"text-editor.default\">\n\t\t\t\t\t\t\t\t\t<p>Ihre Anfrage wurde erfolgreich \u00fcbermittelt.<\/p>\n<p>Wir haben Ihre Nachricht erhalten und werden uns so schnell wie m\u00f6glich mit Ihnen in Verbindung setzen. Bei weiteren Fragen oder Anliegen stehen wir Ihnen gerne zur Verf\u00fcgung.<\/p>\n<p>\u00a0<\/p>\n\t\t\t\t\t\t\t\t<\/div>\n\t\t\t\t<div class=\"elementor-element elementor-element-355f353 elementor-widget elementor-widget-heading\" data-id=\"355f353\" data-element_type=\"widget\" data-e-type=\"widget\" data-widget_type=\"heading.default\">\n\t\t\t\t\t<p class=\"elementor-heading-title elementor-size-default\"><p>Sie werden in <span id=\"timer\">10<\/span> Sekunden zur Startseite weitergeleitet.<\/p><\/p>\t\t\t\t<\/div>\n\t\t\t\t\t<\/div>\n\t\t\t\t<\/div>\n\t\t\t\t<\/div>\n\t\t","protected":false},"excerpt":{"rendered":"<p>Vielen Dank! Ihre Anfrage wurde erfolgreich \u00fcbermittelt. Wir haben Ihre Nachricht erhalten und werden uns so schnell wie m\u00f6glich mit Ihnen in Verbindung setzen. Bei weiteren Fragen oder Anliegen stehen wir Ihnen gerne zur Verf\u00fcgung. \u00a0 Sie werden in 10 Sekunden zur Startseite weitergeleitet.<\/p>\n","protected":false},"author":33,"featured_media":0,"parent":0,"menu_order":0,"comment_status":"closed","ping_status":"closed","template":"","meta":{"_acf_changed":false,"inline_featured_image":false,"footnotes":""},"class_list":["post-52573","page","type-page","status-publish","hentry"],"acf":[],"aioseo_notices":[],"aioseo_head":"\n\t\t<!-- All in One SEO Pro 4.9.5.2 - aioseo.com -->\n\t<meta name=\"description\" content=\"Vielen Dank! Ihre Anfrage wurde erfolgreich \u00fcbermittelt. Wir haben Ihre Nachricht erhalten und werden uns so schnell wie m\u00f6glich mit Ihnen in Verbindung setzen. Bei weiteren Fragen oder Anliegen stehen wir Ihnen gerne zur Verf\u00fcgung. Sie werden in 10 Sekunden zur Startseite weitergeleitet.\" \/>\n\t<meta name=\"robots\" content=\"max-image-preview:large\" \/>\n\t<link rel=\"canonical\" href=\"https:\/\/www.ak-online.de\/de\/danke\/\" \/>\n\t<meta name=\"generator\" content=\"All in One SEO Pro (AIOSEO) 4.9.5.2\" \/>\n\t\t<meta property=\"og:locale\" content=\"de_DE\" \/>\n\t\t<meta property=\"og:site_name\" content=\"Abels &amp; Kemmner -  Supply Chain Management | Unternehmensberatung f\u00fcr Supply Chain Optimierung\" \/>\n\t\t<meta property=\"og:type\" content=\"article\" \/>\n\t\t<meta property=\"og:title\" content=\"Danke | Abels &amp; Kemmner - Supply Chain Management\" \/>\n\t\t<meta property=\"og:description\" content=\"Vielen Dank! Ihre Anfrage wurde erfolgreich \u00fcbermittelt. Wir haben Ihre Nachricht erhalten und werden uns so schnell wie m\u00f6glich mit Ihnen in Verbindung setzen. Bei weiteren Fragen oder Anliegen stehen wir Ihnen gerne zur Verf\u00fcgung. Sie werden in 10 Sekunden zur Startseite weitergeleitet.\" \/>\n\t\t<meta property=\"og:url\" content=\"https:\/\/www.ak-online.de\/de\/danke\/\" \/>\n\t\t<meta property=\"article:published_time\" content=\"2025-03-07T12:47:36+00:00\" \/>\n\t\t<meta property=\"article:modified_time\" content=\"2025-03-07T12:50:41+00:00\" \/>\n\t\t<meta name=\"twitter:card\" content=\"summary_large_image\" \/>\n\t\t<meta name=\"twitter:title\" content=\"Danke | Abels &amp; Kemmner - Supply Chain Management\" \/>\n\t\t<meta name=\"twitter:description\" content=\"Vielen Dank! Ihre Anfrage wurde erfolgreich \u00fcbermittelt. Wir haben Ihre Nachricht erhalten und werden uns so schnell wie m\u00f6glich mit Ihnen in Verbindung setzen. Bei weiteren Fragen oder Anliegen stehen wir Ihnen gerne zur Verf\u00fcgung. Sie werden in 10 Sekunden zur Startseite weitergeleitet.\" \/>\n\t\t<script type=\"application\/ld+json\" class=\"aioseo-schema\">\n\t\t\t{\"@context\":\"https:\\\/\\\/schema.org\",\"@graph\":[{\"@type\":\"BreadcrumbList\",\"@id\":\"https:\\\/\\\/www.ak-online.de\\\/de\\\/danke\\\/#breadcrumblist\",\"itemListElement\":[{\"@type\":\"ListItem\",\"@id\":\"https:\\\/\\\/www.ak-online.de\\\/de\\\/#listItem\",\"position\":1,\"name\":\"Home\",\"item\":\"https:\\\/\\\/www.ak-online.de\\\/de\\\/\",\"nextItem\":{\"@type\":\"ListItem\",\"@id\":\"https:\\\/\\\/www.ak-online.de\\\/de\\\/danke\\\/#listItem\",\"name\":\"Danke\"}},{\"@type\":\"ListItem\",\"@id\":\"https:\\\/\\\/www.ak-online.de\\\/de\\\/danke\\\/#listItem\",\"position\":2,\"name\":\"Danke\",\"previousItem\":{\"@type\":\"ListItem\",\"@id\":\"https:\\\/\\\/www.ak-online.de\\\/de\\\/#listItem\",\"name\":\"Home\"}}]},{\"@type\":\"Organization\",\"@id\":\"https:\\\/\\\/www.ak-online.de\\\/de\\\/#organization\",\"name\":\"Abels & Kemmner -  Supply Chain Management\",\"description\":\"Unternehmensberatung f\\u00fcr Supply Chain Optimierung\",\"url\":\"https:\\\/\\\/www.ak-online.de\\\/de\\\/\",\"telephone\":\"+49240795650\",\"logo\":{\"@type\":\"ImageObject\",\"url\":\"https:\\\/\\\/www.ak-online.de\\\/wp-content\\\/uploads\\\/2023\\\/08\\\/Logo-mit-Claimv2.png\",\"@id\":\"https:\\\/\\\/www.ak-online.de\\\/de\\\/danke\\\/#organizationLogo\",\"width\":600,\"height\":195},\"image\":{\"@id\":\"https:\\\/\\\/www.ak-online.de\\\/de\\\/danke\\\/#organizationLogo\"},\"sameAs\":[\"https:\\\/\\\/www.youtube.com\\\/channel\\\/UCMOyLX-7Q_zpnACCykNdMRw\",\"https:\\\/\\\/de.linkedin.com\\\/company\\\/abels-kemmner-gmbh\"]},{\"@type\":\"WebPage\",\"@id\":\"https:\\\/\\\/www.ak-online.de\\\/de\\\/danke\\\/#webpage\",\"url\":\"https:\\\/\\\/www.ak-online.de\\\/de\\\/danke\\\/\",\"name\":\"Danke | Abels & Kemmner - Supply Chain Management\",\"description\":\"Vielen Dank! Ihre Anfrage wurde erfolgreich \\u00fcbermittelt. Wir haben Ihre Nachricht erhalten und werden uns so schnell wie m\\u00f6glich mit Ihnen in Verbindung setzen. Bei weiteren Fragen oder Anliegen stehen wir Ihnen gerne zur Verf\\u00fcgung. Sie werden in 10 Sekunden zur Startseite weitergeleitet.\",\"inLanguage\":\"de-DE\",\"isPartOf\":{\"@id\":\"https:\\\/\\\/www.ak-online.de\\\/de\\\/#website\"},\"breadcrumb\":{\"@id\":\"https:\\\/\\\/www.ak-online.de\\\/de\\\/danke\\\/#breadcrumblist\"},\"datePublished\":\"2025-03-07T13:47:36+01:00\",\"dateModified\":\"2025-03-07T13:50:41+01:00\"},{\"@type\":\"WebSite\",\"@id\":\"https:\\\/\\\/www.ak-online.de\\\/de\\\/#website\",\"url\":\"https:\\\/\\\/www.ak-online.de\\\/de\\\/\",\"name\":\"Abels & Kemmner -  Supply Chain Management\",\"description\":\"Unternehmensberatung f\\u00fcr Supply Chain Optimierung\",\"inLanguage\":\"de-DE\",\"publisher\":{\"@id\":\"https:\\\/\\\/www.ak-online.de\\\/de\\\/#organization\"}}]}\n\t\t<\/script>\n\t\t<!-- All in One SEO Pro -->\r\n\t\t<title>Danke | Abels &amp; Kemmner - Supply Chain Management<\/title>\n\n","aioseo_head_json":{"title":"Danke | Abels & Kemmner - Supply Chain Management","description":"Vielen Dank! Ihre Anfrage wurde erfolgreich \u00fcbermittelt. Wir haben Ihre Nachricht erhalten und werden uns so schnell wie m\u00f6glich mit Ihnen in Verbindung setzen. Bei weiteren Fragen oder Anliegen stehen wir Ihnen gerne zur Verf\u00fcgung. Sie werden in 10 Sekunden zur Startseite weitergeleitet.","canonical_url":"https:\/\/www.ak-online.de\/de\/danke\/","robots":"max-image-preview:large","keywords":"","webmasterTools":{"miscellaneous":""},"schema":{"@context":"https:\/\/schema.org","@graph":[{"@type":"BreadcrumbList","@id":"https:\/\/www.ak-online.de\/de\/danke\/#breadcrumblist","itemListElement":[{"@type":"ListItem","@id":"https:\/\/www.ak-online.de\/de\/#listItem","position":1,"name":"Home","item":"https:\/\/www.ak-online.de\/de\/","nextItem":{"@type":"ListItem","@id":"https:\/\/www.ak-online.de\/de\/danke\/#listItem","name":"Danke"}},{"@type":"ListItem","@id":"https:\/\/www.ak-online.de\/de\/danke\/#listItem","position":2,"name":"Danke","previousItem":{"@type":"ListItem","@id":"https:\/\/www.ak-online.de\/de\/#listItem","name":"Home"}}]},{"@type":"Organization","@id":"https:\/\/www.ak-online.de\/de\/#organization","name":"Abels & Kemmner -  Supply Chain Management","description":"Unternehmensberatung f\u00fcr Supply Chain Optimierung","url":"https:\/\/www.ak-online.de\/de\/","telephone":"+49240795650","logo":{"@type":"ImageObject","url":"https:\/\/www.ak-online.de\/wp-content\/uploads\/2023\/08\/Logo-mit-Claimv2.png","@id":"https:\/\/www.ak-online.de\/de\/danke\/#organizationLogo","width":600,"height":195},"image":{"@id":"https:\/\/www.ak-online.de\/de\/danke\/#organizationLogo"},"sameAs":["https:\/\/www.youtube.com\/channel\/UCMOyLX-7Q_zpnACCykNdMRw","https:\/\/de.linkedin.com\/company\/abels-kemmner-gmbh"]},{"@type":"WebPage","@id":"https:\/\/www.ak-online.de\/de\/danke\/#webpage","url":"https:\/\/www.ak-online.de\/de\/danke\/","name":"Danke | Abels & Kemmner - Supply Chain Management","description":"Vielen Dank! Ihre Anfrage wurde erfolgreich \u00fcbermittelt. Wir haben Ihre Nachricht erhalten und werden uns so schnell wie m\u00f6glich mit Ihnen in Verbindung setzen. Bei weiteren Fragen oder Anliegen stehen wir Ihnen gerne zur Verf\u00fcgung. Sie werden in 10 Sekunden zur Startseite weitergeleitet.","inLanguage":"de-DE","isPartOf":{"@id":"https:\/\/www.ak-online.de\/de\/#website"},"breadcrumb":{"@id":"https:\/\/www.ak-online.de\/de\/danke\/#breadcrumblist"},"datePublished":"2025-03-07T13:47:36+01:00","dateModified":"2025-03-07T13:50:41+01:00"},{"@type":"WebSite","@id":"https:\/\/www.ak-online.de\/de\/#website","url":"https:\/\/www.ak-online.de\/de\/","name":"Abels & Kemmner -  Supply Chain Management","description":"Unternehmensberatung f\u00fcr Supply Chain Optimierung","inLanguage":"de-DE","publisher":{"@id":"https:\/\/www.ak-online.de\/de\/#organization"}}]},"og:locale":"de_DE","og:site_name":"Abels &amp; Kemmner -  Supply Chain Management | Unternehmensberatung f\u00fcr Supply Chain Optimierung","og:type":"article","og:title":"Danke | Abels &amp; Kemmner - Supply Chain Management","og:description":"Vielen Dank! Ihre Anfrage wurde erfolgreich \u00fcbermittelt. Wir haben Ihre Nachricht erhalten und werden uns so schnell wie m\u00f6glich mit Ihnen in Verbindung setzen. Bei weiteren Fragen oder Anliegen stehen wir Ihnen gerne zur Verf\u00fcgung. Sie werden in 10 Sekunden zur Startseite weitergeleitet.","og:url":"https:\/\/www.ak-online.de\/de\/danke\/","article:published_time":"2025-03-07T12:47:36+00:00","article:modified_time":"2025-03-07T12:50:41+00:00","twitter:card":"summary_large_image","twitter:title":"Danke | Abels &amp; Kemmner - Supply Chain Management","twitter:description":"Vielen Dank! Ihre Anfrage wurde erfolgreich \u00fcbermittelt. Wir haben Ihre Nachricht erhalten und werden uns so schnell wie m\u00f6glich mit Ihnen in Verbindung setzen. Bei weiteren Fragen oder Anliegen stehen wir Ihnen gerne zur Verf\u00fcgung. Sie werden in 10 Sekunden zur Startseite weitergeleitet."},"aioseo_meta_data":{"post_id":"52573","title":null,"description":null,"keywords":null,"keyphrases":null,"primary_term":null,"canonical_url":null,"og_title":null,"og_description":null,"og_object_type":"default","og_image_type":"default","og_image_url":null,"og_image_width":null,"og_image_height":null,"og_image_custom_url":null,"og_image_custom_fields":null,"og_video":null,"og_custom_url":null,"og_article_section":null,"og_article_tags":null,"twitter_use_og":false,"twitter_card":"default","twitter_image_type":"default","twitter_image_url":null,"twitter_image_custom_url":null,"twitter_image_custom_fields":null,"twitter_title":null,"twitter_description":null,"schema":{"blockGraphs":[],"customGraphs":[],"default":{"data":{"Article":[],"Course":[],"Dataset":[],"FAQPage":[],"Movie":[],"Person":[],"Product":[],"ProductReview":[],"Car":[],"Recipe":[],"Service":[],"SoftwareApplication":[],"WebPage":[]},"graphName":"","isEnabled":true},"graphs":[]},"schema_type":"default","schema_type_options":null,"pillar_content":false,"robots_default":true,"robots_noindex":false,"robots_noarchive":false,"robots_nosnippet":false,"robots_nofollow":false,"robots_noimageindex":false,"robots_noodp":false,"robots_notranslate":false,"robots_max_snippet":null,"robots_max_videopreview":null,"robots_max_imagepreview":"large","priority":null,"frequency":null,"local_seo":null,"seo_analyzer_scan_date":"2025-10-21 14:13:48","breadcrumb_settings":null,"limit_modified_date":false,"reviewed_by":null,"open_ai":null,"ai":null,"created":"2025-04-11 10:46:26","updated":"2025-12-03 09:53:03"},"aioseo_breadcrumb":"<div class=\"aioseo-breadcrumbs\"><span class=\"aioseo-breadcrumb\">\n\t<a href=\"https:\/\/www.ak-online.de\/de\/\" title=\"Home\">Home<\/a>\n<\/span><span class=\"aioseo-breadcrumb-separator\">&raquo;<\/span><span class=\"aioseo-breadcrumb\">\n\tDanke\n<\/span><\/div>","aioseo_breadcrumb_json":[{"label":"Home","link":"https:\/\/www.ak-online.de\/de\/"},{"label":"Danke","link":"https:\/\/www.ak-online.de\/de\/danke\/"}],"_links":{"self":[{"href":"https:\/\/www.ak-online.de\/de\/wp-json\/wp\/v2\/pages\/52573","targetHints":{"allow":["GET"]}}],"collection":[{"href":"https:\/\/www.ak-online.de\/de\/wp-json\/wp\/v2\/pages"}],"about":[{"href":"https:\/\/www.ak-online.de\/de\/wp-json\/wp\/v2\/types\/page"}],"author":[{"embeddable":true,"href":"https:\/\/www.ak-online.de\/de\/wp-json\/wp\/v2\/users\/33"}],"replies":[{"embeddable":true,"href":"https:\/\/www.ak-online.de\/de\/wp-json\/wp\/v2\/comments?post=52573"}],"version-history":[{"count":0,"href":"https:\/\/www.ak-online.de\/de\/wp-json\/wp\/v2\/pages\/52573\/revisions"}],"wp:attachment":[{"href":"https:\/\/www.ak-online.de\/de\/wp-json\/wp\/v2\/media?parent=52573"}],"curies":[{"name":"wp","href":"https:\/\/api.w.org\/{rel}","templated":true}]}}