{"id":20315,"date":"2020-12-04T10:54:52","date_gmt":"2020-12-04T10:54:52","guid":{"rendered":"https:\/\/b9rx2pv.myraidbox.de\/?page_id=20315"},"modified":"2025-07-31T12:03:33","modified_gmt":"2025-07-31T10:03:33","slug":"impressum","status":"publish","type":"page","link":"https:\/\/www.ak-online.de\/de\/impressum\/","title":{"rendered":"Impressum"},"content":{"rendered":"\t\t<div data-elementor-type=\"wp-page\" data-elementor-id=\"20315\" class=\"elementor elementor-20315\" data-elementor-post-type=\"page\">\n\t\t\t\t\t\t<section class=\"elementor-section elementor-top-section elementor-element elementor-element-3d6482f elementor-section-boxed elementor-section-height-default elementor-section-height-default\" data-id=\"3d6482f\" data-element_type=\"section\" data-e-type=\"section\">\n\t\t\t\t\t\t<div class=\"elementor-container elementor-column-gap-default\">\n\t\t\t\t\t<div class=\"elementor-column elementor-col-100 elementor-top-column elementor-element elementor-element-f1bd143\" data-id=\"f1bd143\" data-element_type=\"column\" data-e-type=\"column\">\n\t\t\t<div class=\"elementor-widget-wrap elementor-element-populated\">\n\t\t\t\t\t\t<div class=\"elementor-element elementor-element-3cf5721 elementor-widget elementor-widget-text-editor\" data-id=\"3cf5721\" data-element_type=\"widget\" data-e-type=\"widget\" data-widget_type=\"text-editor.default\">\n\t\t\t\t\t\t\t\t\t<h1>Impressum<\/h1>\n<p>Abels &amp; Kemmner Gesellschaft f\u00fcr Unternehmensberatung mbH<br \/>Kaiserstra\u00dfe 100<br \/>52134 Herzogenrath<\/p>\n<p>Handelsregister: 5422<br \/>Registergericht: Aachen<\/p>\n<p><strong>Vertreten durch:<\/strong><br \/>Silvia Frankenne<br \/>Prof. Dr.-Ing. Dipl.-Wirt.-Ing. G\u00f6tz-Andreas Kemmner<br \/>Dr.-Ing. Bernd Reineke<br \/>Robert Reineke (M.Sc.)<\/p>\n<h2>Kontakt<\/h2>\n<p>Telefon: +49 2407 95650<br \/>Telefax: +49 2407 9565 40<br \/>E-Mail: ak@ak-online.de<\/p>\n<h2>Umsatzsteuer-ID<\/h2>\n<p>Umsatzsteuer-Identifikationsnummer gem\u00e4\u00df \u00a7 27 a Umsatzsteuergesetz:<br \/>DE 1 55 75 66 54<\/p>\n<h2>Verbraucher\u00adstreit\u00adbeilegung\/Universal\u00adschlichtungs\u00adstelle<\/h2>\n<p>Wir sind nicht bereit oder verpflichtet, an Streitbeilegungsverfahren vor einer Verbraucherschlichtungsstelle teilzunehmen.<\/p>\n\t\t\t\t\t\t\t\t<\/div>\n\t\t\t\t<div class=\"elementor-element elementor-element-ee519e9 elementor-widget elementor-widget-text-editor\" data-id=\"ee519e9\" data-element_type=\"widget\" data-e-type=\"widget\" data-widget_type=\"text-editor.default\">\n\t\t\t\t\t\t\t\t\t<h3>Abels &amp; Kemmner GmbH<br \/>Supply Chain Engineers<\/h3>\n<p><strong>Kaiserstra\u00dfe 100<\/strong><br \/><strong>52134 Herzogenrath<\/strong><\/p>\n<p><strong>Telefon: (D)<\/strong> +49 2407 95650<br \/><strong>Telefon: (NL)<\/strong> +31 4080 80120<br \/><strong>Telefax: (D)<\/strong> +49 24 07 9565 40<br \/><strong>Email:<\/strong> sce[at]ak-online.de<\/p>\n<p><strong>Gesch\u00e4ftsf\u00fchrer:<br \/><\/strong>Dirk Ungerechts (M.Sc.)<br \/>Prof. Dr.-Ing. Dipl.-Wirt.-Ing. G\u00f6tz-Andreas Kemmner<br \/>Dr.-Ing. Bernd Reineke<\/p>\n<p><strong>Sitz des Unternehmens:<br \/><\/strong>Herzogenrath<\/p>\n<p><strong>Registergericht Aachen: <\/strong>HRB 23382<\/p>\n<p><strong>Umsatzsteueridentifikationsnummer: <\/strong>DE 3 29 37 72 96<\/p>\n\t\t\t\t\t\t\t\t<\/div>\n\t\t\t\t<div class=\"elementor-element elementor-element-8f0f0ba elementor-widget elementor-widget-text-editor\" data-id=\"8f0f0ba\" data-element_type=\"widget\" data-e-type=\"widget\" data-widget_type=\"text-editor.default\">\n\t\t\t\t\t\t\t\t\t<h4 style=\"text-align: left;\">Hinweis<\/h4>\n<p>Die Abels &amp; Kemmner Gesellschaft f\u00fcr Unternehmensberatung mbH sowie die Abels &amp; Kemmner GmbH Supply Chain Engineers sind nicht f\u00fcr die Inhalte fremder Seiten verantwortlich. Auch nicht f\u00fcr solche, die Sie \u00fcber einen Verweis (Link) auf unseren Seiten erreichen.<\/p>\n\t\t\t\t\t\t\t\t<\/div>\n\t\t\t\t<div class=\"elementor-element elementor-element-9fcd686 elementor-widget elementor-widget-text-editor\" data-id=\"9fcd686\" data-element_type=\"widget\" data-e-type=\"widget\" data-widget_type=\"text-editor.default\">\n\t\t\t\t\t\t\t\t\t<h4 style=\"text-align: left;\">Bildnachweise<\/h4>\n<p>AdobeStock, iStock\/Guido Vrola, Milenio, Thrive Themes,\u00a0Montblanc,\u00a0Milenio, Honda, iStock\/Guido Vrola, Bruker, Rosenthal, Sihl<\/p>\n<p>Die abgebildeten Graphiken sind geistiges Eigentum der Gesellschaften der Abels &amp; Kemmner Gruppe. Eine Verwendung oder Weitergabe bedarf der vorherigen schriftlichen Zustimmung und der Quellangabe: Abels &amp; Kemmner Gesellschaft f\u00fcr Unternehmensberatung mbH.<\/p>\n\t\t\t\t\t\t\t\t<\/div>\n\t\t\t\t\t<\/div>\n\t\t<\/div>\n\t\t\t\t\t<\/div>\n\t\t<\/section>\n\t\t\t\t<\/div>\n\t\t","protected":false},"excerpt":{"rendered":"<p>Impressum Abels &amp; Kemmner Gesellschaft f\u00fcr Unternehmensberatung mbHKaiserstra\u00dfe 10052134 Herzogenrath Handelsregister: 5422Registergericht: Aachen Vertreten durch:Silvia FrankenneProf. Dr.-Ing. Dipl.-Wirt.-Ing. G\u00f6tz-Andreas KemmnerDr.-Ing. Bernd ReinekeRobert Reineke (M.Sc.) Kontakt Telefon: +49 2407 95650Telefax: +49 2407 9565 40E-Mail: ak@ak-online.de Umsatzsteuer-ID Umsatzsteuer-Identifikationsnummer gem\u00e4\u00df \u00a7 27 a Umsatzsteuergesetz:DE 1 55 75 66 54 Verbraucher\u00adstreit\u00adbeilegung\/Universal\u00adschlichtungs\u00adstelle Wir sind nicht bereit oder verpflichtet, an Streitbeilegungsverfahren<\/p>\n","protected":false},"author":33,"featured_media":0,"parent":0,"menu_order":0,"comment_status":"closed","ping_status":"closed","template":"","meta":{"_acf_changed":false,"inline_featured_image":false,"footnotes":""},"class_list":["post-20315","page","type-page","status-publish","hentry"],"acf":[],"aioseo_notices":[],"aioseo_head":"\n\t\t<!-- All in One SEO Pro 4.9.5.2 - aioseo.com -->\n\t<meta name=\"description\" content=\"Impressum Abels &amp; Kemmner Gesellschaft f\u00fcr Unternehmensberatung mbHKaiserstra\u00dfe 10052134 Herzogenrath Handelsregister: 5422Registergericht: Aachen Vertreten durch:Silvia FrankenneProf. Dr.-Ing. Dipl.-Wirt.-Ing. G\u00f6tz-Andreas KemmnerDr.-Ing. Bernd ReinekeRobert Reineke (M.Sc.) Kontakt Telefon: +49 2407 95650Telefax: +49 2407 9565 40E-Mail: ak@ak-online.de Umsatzsteuer-ID Umsatzsteuer-Identifikationsnummer gem\u00e4\u00df \u00a7 27 a Umsatzsteuergesetz:DE 1 55 75 66 54 Verbraucher\u00adstreit\u00adbeilegung\/Universal\u00adschlichtungs\u00adstelle Wir sind nicht bereit oder verpflichtet, an Streitbeilegungsverfahren\" \/>\n\t<meta name=\"robots\" content=\"max-image-preview:large\" \/>\n\t<link rel=\"canonical\" href=\"https:\/\/www.ak-online.de\/de\/impressum\/\" \/>\n\t<meta name=\"generator\" content=\"All in One SEO Pro (AIOSEO) 4.9.5.2\" \/>\n\t\t<meta property=\"og:locale\" content=\"de_DE\" \/>\n\t\t<meta property=\"og:site_name\" content=\"Abels &amp; Kemmner -  Supply Chain Management | Unternehmensberatung f\u00fcr Supply Chain Optimierung\" \/>\n\t\t<meta property=\"og:type\" content=\"article\" \/>\n\t\t<meta property=\"og:title\" content=\"Impressum | Abels &amp; Kemmner - Supply Chain Management\" \/>\n\t\t<meta property=\"og:description\" content=\"Impressum Abels &amp; Kemmner Gesellschaft f\u00fcr Unternehmensberatung mbHKaiserstra\u00dfe 10052134 Herzogenrath Handelsregister: 5422Registergericht: Aachen Vertreten durch:Silvia FrankenneProf. Dr.-Ing. Dipl.-Wirt.-Ing. G\u00f6tz-Andreas KemmnerDr.-Ing. Bernd ReinekeRobert Reineke (M.Sc.) Kontakt Telefon: +49 2407 95650Telefax: +49 2407 9565 40E-Mail: ak@ak-online.de Umsatzsteuer-ID Umsatzsteuer-Identifikationsnummer gem\u00e4\u00df \u00a7 27 a Umsatzsteuergesetz:DE 1 55 75 66 54 Verbraucher\u00adstreit\u00adbeilegung\/Universal\u00adschlichtungs\u00adstelle Wir sind nicht bereit oder verpflichtet, an Streitbeilegungsverfahren\" \/>\n\t\t<meta property=\"og:url\" content=\"https:\/\/www.ak-online.de\/de\/impressum\/\" \/>\n\t\t<meta property=\"article:published_time\" content=\"2020-12-04T10:54:52+00:00\" \/>\n\t\t<meta property=\"article:modified_time\" content=\"2025-07-31T10:03:33+00:00\" \/>\n\t\t<meta name=\"twitter:card\" content=\"summary_large_image\" \/>\n\t\t<meta name=\"twitter:title\" content=\"Impressum | Abels &amp; Kemmner - Supply Chain Management\" \/>\n\t\t<meta name=\"twitter:description\" content=\"Impressum Abels &amp; Kemmner Gesellschaft f\u00fcr Unternehmensberatung mbHKaiserstra\u00dfe 10052134 Herzogenrath Handelsregister: 5422Registergericht: Aachen Vertreten durch:Silvia FrankenneProf. Dr.-Ing. Dipl.-Wirt.-Ing. G\u00f6tz-Andreas KemmnerDr.-Ing. Bernd ReinekeRobert Reineke (M.Sc.) Kontakt Telefon: +49 2407 95650Telefax: +49 2407 9565 40E-Mail: ak@ak-online.de Umsatzsteuer-ID Umsatzsteuer-Identifikationsnummer gem\u00e4\u00df \u00a7 27 a Umsatzsteuergesetz:DE 1 55 75 66 54 Verbraucher\u00adstreit\u00adbeilegung\/Universal\u00adschlichtungs\u00adstelle Wir sind nicht bereit oder verpflichtet, an Streitbeilegungsverfahren\" \/>\n\t\t<script type=\"application\/ld+json\" class=\"aioseo-schema\">\n\t\t\t{\"@context\":\"https:\\\/\\\/schema.org\",\"@graph\":[{\"@type\":\"BreadcrumbList\",\"@id\":\"https:\\\/\\\/www.ak-online.de\\\/de\\\/impressum\\\/#breadcrumblist\",\"itemListElement\":[{\"@type\":\"ListItem\",\"@id\":\"https:\\\/\\\/www.ak-online.de\\\/de\\\/#listItem\",\"position\":1,\"name\":\"Home\",\"item\":\"https:\\\/\\\/www.ak-online.de\\\/de\\\/\",\"nextItem\":{\"@type\":\"ListItem\",\"@id\":\"https:\\\/\\\/www.ak-online.de\\\/de\\\/impressum\\\/#listItem\",\"name\":\"Impressum\"}},{\"@type\":\"ListItem\",\"@id\":\"https:\\\/\\\/www.ak-online.de\\\/de\\\/impressum\\\/#listItem\",\"position\":2,\"name\":\"Impressum\",\"previousItem\":{\"@type\":\"ListItem\",\"@id\":\"https:\\\/\\\/www.ak-online.de\\\/de\\\/#listItem\",\"name\":\"Home\"}}]},{\"@type\":\"Organization\",\"@id\":\"https:\\\/\\\/www.ak-online.de\\\/de\\\/#organization\",\"name\":\"Abels & Kemmner -  Supply Chain Management\",\"description\":\"Unternehmensberatung f\\u00fcr Supply Chain Optimierung\",\"url\":\"https:\\\/\\\/www.ak-online.de\\\/de\\\/\",\"telephone\":\"+49240795650\",\"logo\":{\"@type\":\"ImageObject\",\"url\":\"https:\\\/\\\/www.ak-online.de\\\/wp-content\\\/uploads\\\/2023\\\/08\\\/Logo-mit-Claimv2.png\",\"@id\":\"https:\\\/\\\/www.ak-online.de\\\/de\\\/impressum\\\/#organizationLogo\",\"width\":600,\"height\":195},\"image\":{\"@id\":\"https:\\\/\\\/www.ak-online.de\\\/de\\\/impressum\\\/#organizationLogo\"},\"sameAs\":[\"https:\\\/\\\/www.youtube.com\\\/channel\\\/UCMOyLX-7Q_zpnACCykNdMRw\",\"https:\\\/\\\/de.linkedin.com\\\/company\\\/abels-kemmner-gmbh\"]},{\"@type\":\"WebPage\",\"@id\":\"https:\\\/\\\/www.ak-online.de\\\/de\\\/impressum\\\/#webpage\",\"url\":\"https:\\\/\\\/www.ak-online.de\\\/de\\\/impressum\\\/\",\"name\":\"Impressum | Abels & Kemmner - Supply Chain Management\",\"description\":\"Impressum Abels & Kemmner Gesellschaft f\\u00fcr Unternehmensberatung mbHKaiserstra\\u00dfe 10052134 Herzogenrath Handelsregister: 5422Registergericht: Aachen Vertreten durch:Silvia FrankenneProf. Dr.-Ing. Dipl.-Wirt.-Ing. G\\u00f6tz-Andreas KemmnerDr.-Ing. Bernd ReinekeRobert Reineke (M.Sc.) Kontakt Telefon: +49 2407 95650Telefax: +49 2407 9565 40E-Mail: ak@ak-online.de Umsatzsteuer-ID Umsatzsteuer-Identifikationsnummer gem\\u00e4\\u00df \\u00a7 27 a Umsatzsteuergesetz:DE 1 55 75 66 54 Verbraucher\\u00adstreit\\u00adbeilegung\\\/Universal\\u00adschlichtungs\\u00adstelle Wir sind nicht bereit oder verpflichtet, an Streitbeilegungsverfahren\",\"inLanguage\":\"de-DE\",\"isPartOf\":{\"@id\":\"https:\\\/\\\/www.ak-online.de\\\/de\\\/#website\"},\"breadcrumb\":{\"@id\":\"https:\\\/\\\/www.ak-online.de\\\/de\\\/impressum\\\/#breadcrumblist\"},\"datePublished\":\"2020-12-04T10:54:52+01:00\",\"dateModified\":\"2025-07-31T12:03:33+02:00\"},{\"@type\":\"WebSite\",\"@id\":\"https:\\\/\\\/www.ak-online.de\\\/de\\\/#website\",\"url\":\"https:\\\/\\\/www.ak-online.de\\\/de\\\/\",\"name\":\"Abels & Kemmner -  Supply Chain Management\",\"description\":\"Unternehmensberatung f\\u00fcr Supply Chain Optimierung\",\"inLanguage\":\"de-DE\",\"publisher\":{\"@id\":\"https:\\\/\\\/www.ak-online.de\\\/de\\\/#organization\"}}]}\n\t\t<\/script>\n\t\t<!-- All in One SEO Pro -->\r\n\t\t<title>Impressum | Abels &amp; Kemmner - Supply Chain Management<\/title>\n\n","aioseo_head_json":{"title":"Impressum | Abels & Kemmner - Supply Chain Management","description":"Impressum Abels & Kemmner Gesellschaft f\u00fcr Unternehmensberatung mbHKaiserstra\u00dfe 10052134 Herzogenrath Handelsregister: 5422Registergericht: Aachen Vertreten durch:Silvia FrankenneProf. Dr.-Ing. Dipl.-Wirt.-Ing. G\u00f6tz-Andreas KemmnerDr.-Ing. Bernd ReinekeRobert Reineke (M.Sc.) Kontakt Telefon: +49 2407 95650Telefax: +49 2407 9565 40E-Mail: ak@ak-online.de Umsatzsteuer-ID Umsatzsteuer-Identifikationsnummer gem\u00e4\u00df \u00a7 27 a Umsatzsteuergesetz:DE 1 55 75 66 54 Verbraucher\u00adstreit\u00adbeilegung\/Universal\u00adschlichtungs\u00adstelle Wir sind nicht bereit oder verpflichtet, an Streitbeilegungsverfahren","canonical_url":"https:\/\/www.ak-online.de\/de\/impressum\/","robots":"max-image-preview:large","keywords":"","webmasterTools":{"miscellaneous":""},"schema":{"@context":"https:\/\/schema.org","@graph":[{"@type":"BreadcrumbList","@id":"https:\/\/www.ak-online.de\/de\/impressum\/#breadcrumblist","itemListElement":[{"@type":"ListItem","@id":"https:\/\/www.ak-online.de\/de\/#listItem","position":1,"name":"Home","item":"https:\/\/www.ak-online.de\/de\/","nextItem":{"@type":"ListItem","@id":"https:\/\/www.ak-online.de\/de\/impressum\/#listItem","name":"Impressum"}},{"@type":"ListItem","@id":"https:\/\/www.ak-online.de\/de\/impressum\/#listItem","position":2,"name":"Impressum","previousItem":{"@type":"ListItem","@id":"https:\/\/www.ak-online.de\/de\/#listItem","name":"Home"}}]},{"@type":"Organization","@id":"https:\/\/www.ak-online.de\/de\/#organization","name":"Abels & Kemmner -  Supply Chain Management","description":"Unternehmensberatung f\u00fcr Supply Chain Optimierung","url":"https:\/\/www.ak-online.de\/de\/","telephone":"+49240795650","logo":{"@type":"ImageObject","url":"https:\/\/www.ak-online.de\/wp-content\/uploads\/2023\/08\/Logo-mit-Claimv2.png","@id":"https:\/\/www.ak-online.de\/de\/impressum\/#organizationLogo","width":600,"height":195},"image":{"@id":"https:\/\/www.ak-online.de\/de\/impressum\/#organizationLogo"},"sameAs":["https:\/\/www.youtube.com\/channel\/UCMOyLX-7Q_zpnACCykNdMRw","https:\/\/de.linkedin.com\/company\/abels-kemmner-gmbh"]},{"@type":"WebPage","@id":"https:\/\/www.ak-online.de\/de\/impressum\/#webpage","url":"https:\/\/www.ak-online.de\/de\/impressum\/","name":"Impressum | Abels & Kemmner - Supply Chain Management","description":"Impressum Abels & Kemmner Gesellschaft f\u00fcr Unternehmensberatung mbHKaiserstra\u00dfe 10052134 Herzogenrath Handelsregister: 5422Registergericht: Aachen Vertreten durch:Silvia FrankenneProf. Dr.-Ing. Dipl.-Wirt.-Ing. G\u00f6tz-Andreas KemmnerDr.-Ing. Bernd ReinekeRobert Reineke (M.Sc.) Kontakt Telefon: +49 2407 95650Telefax: +49 2407 9565 40E-Mail: ak@ak-online.de Umsatzsteuer-ID Umsatzsteuer-Identifikationsnummer gem\u00e4\u00df \u00a7 27 a Umsatzsteuergesetz:DE 1 55 75 66 54 Verbraucher\u00adstreit\u00adbeilegung\/Universal\u00adschlichtungs\u00adstelle Wir sind nicht bereit oder verpflichtet, an Streitbeilegungsverfahren","inLanguage":"de-DE","isPartOf":{"@id":"https:\/\/www.ak-online.de\/de\/#website"},"breadcrumb":{"@id":"https:\/\/www.ak-online.de\/de\/impressum\/#breadcrumblist"},"datePublished":"2020-12-04T10:54:52+01:00","dateModified":"2025-07-31T12:03:33+02:00"},{"@type":"WebSite","@id":"https:\/\/www.ak-online.de\/de\/#website","url":"https:\/\/www.ak-online.de\/de\/","name":"Abels & Kemmner -  Supply Chain Management","description":"Unternehmensberatung f\u00fcr Supply Chain Optimierung","inLanguage":"de-DE","publisher":{"@id":"https:\/\/www.ak-online.de\/de\/#organization"}}]},"og:locale":"de_DE","og:site_name":"Abels &amp; Kemmner -  Supply Chain Management | Unternehmensberatung f\u00fcr Supply Chain Optimierung","og:type":"article","og:title":"Impressum | Abels &amp; Kemmner - Supply Chain Management","og:description":"Impressum Abels &amp; Kemmner Gesellschaft f\u00fcr Unternehmensberatung mbHKaiserstra\u00dfe 10052134 Herzogenrath Handelsregister: 5422Registergericht: Aachen Vertreten durch:Silvia FrankenneProf. Dr.-Ing. Dipl.-Wirt.-Ing. G\u00f6tz-Andreas KemmnerDr.-Ing. Bernd ReinekeRobert Reineke (M.Sc.) Kontakt Telefon: +49 2407 95650Telefax: +49 2407 9565 40E-Mail: ak@ak-online.de Umsatzsteuer-ID Umsatzsteuer-Identifikationsnummer gem\u00e4\u00df \u00a7 27 a Umsatzsteuergesetz:DE 1 55 75 66 54 Verbraucher\u00adstreit\u00adbeilegung\/Universal\u00adschlichtungs\u00adstelle Wir sind nicht bereit oder verpflichtet, an Streitbeilegungsverfahren","og:url":"https:\/\/www.ak-online.de\/de\/impressum\/","article:published_time":"2020-12-04T10:54:52+00:00","article:modified_time":"2025-07-31T10:03:33+00:00","twitter:card":"summary_large_image","twitter:title":"Impressum | Abels &amp; Kemmner - Supply Chain Management","twitter:description":"Impressum Abels &amp; Kemmner Gesellschaft f\u00fcr Unternehmensberatung mbHKaiserstra\u00dfe 10052134 Herzogenrath Handelsregister: 5422Registergericht: Aachen Vertreten durch:Silvia FrankenneProf. Dr.-Ing. Dipl.-Wirt.-Ing. G\u00f6tz-Andreas KemmnerDr.-Ing. Bernd ReinekeRobert Reineke (M.Sc.) Kontakt Telefon: +49 2407 95650Telefax: +49 2407 9565 40E-Mail: ak@ak-online.de Umsatzsteuer-ID Umsatzsteuer-Identifikationsnummer gem\u00e4\u00df \u00a7 27 a Umsatzsteuergesetz:DE 1 55 75 66 54 Verbraucher\u00adstreit\u00adbeilegung\/Universal\u00adschlichtungs\u00adstelle Wir sind nicht bereit oder verpflichtet, an Streitbeilegungsverfahren"},"aioseo_meta_data":{"post_id":"20315","title":null,"description":null,"keywords":null,"keyphrases":null,"primary_term":null,"canonical_url":null,"og_title":null,"og_description":null,"og_object_type":"default","og_image_type":"default","og_image_url":null,"og_image_width":null,"og_image_height":null,"og_image_custom_url":null,"og_image_custom_fields":null,"og_video":null,"og_custom_url":null,"og_article_section":null,"og_article_tags":null,"twitter_use_og":false,"twitter_card":"default","twitter_image_type":"default","twitter_image_url":null,"twitter_image_custom_url":null,"twitter_image_custom_fields":null,"twitter_title":null,"twitter_description":null,"schema":{"blockGraphs":[],"customGraphs":[],"default":{"data":{"Article":[],"Course":[],"Dataset":[],"FAQPage":[],"Movie":[],"Person":[],"Product":[],"ProductReview":[],"Car":[],"Recipe":[],"Service":[],"SoftwareApplication":[],"WebPage":[]},"graphName":"","isEnabled":true},"graphs":[]},"schema_type":"default","schema_type_options":null,"pillar_content":false,"robots_default":true,"robots_noindex":false,"robots_noarchive":false,"robots_nosnippet":false,"robots_nofollow":false,"robots_noimageindex":false,"robots_noodp":false,"robots_notranslate":false,"robots_max_snippet":null,"robots_max_videopreview":null,"robots_max_imagepreview":"large","priority":null,"frequency":null,"local_seo":null,"seo_analyzer_scan_date":"2025-10-21 13:50:10","breadcrumb_settings":null,"limit_modified_date":false,"reviewed_by":null,"open_ai":null,"ai":null,"created":"2025-04-11 10:46:26","updated":"2025-10-22 09:23:43"},"aioseo_breadcrumb":"<div class=\"aioseo-breadcrumbs\"><span class=\"aioseo-breadcrumb\">\n\t<a href=\"https:\/\/www.ak-online.de\/de\/\" title=\"Home\">Home<\/a>\n<\/span><span class=\"aioseo-breadcrumb-separator\">&raquo;<\/span><span class=\"aioseo-breadcrumb\">\n\tImpressum\n<\/span><\/div>","aioseo_breadcrumb_json":[{"label":"Home","link":"https:\/\/www.ak-online.de\/de\/"},{"label":"Impressum","link":"https:\/\/www.ak-online.de\/de\/impressum\/"}],"_links":{"self":[{"href":"https:\/\/www.ak-online.de\/de\/wp-json\/wp\/v2\/pages\/20315","targetHints":{"allow":["GET"]}}],"collection":[{"href":"https:\/\/www.ak-online.de\/de\/wp-json\/wp\/v2\/pages"}],"about":[{"href":"https:\/\/www.ak-online.de\/de\/wp-json\/wp\/v2\/types\/page"}],"author":[{"embeddable":true,"href":"https:\/\/www.ak-online.de\/de\/wp-json\/wp\/v2\/users\/33"}],"replies":[{"embeddable":true,"href":"https:\/\/www.ak-online.de\/de\/wp-json\/wp\/v2\/comments?post=20315"}],"version-history":[{"count":0,"href":"https:\/\/www.ak-online.de\/de\/wp-json\/wp\/v2\/pages\/20315\/revisions"}],"wp:attachment":[{"href":"https:\/\/www.ak-online.de\/de\/wp-json\/wp\/v2\/media?parent=20315"}],"curies":[{"name":"wp","href":"https:\/\/api.w.org\/{rel}","templated":true}]}}